{"id":3722,"date":"2025-10-23T20:01:19","date_gmt":"2025-10-23T18:01:19","guid":{"rendered":"https:\/\/ortodonciapozuelo.com\/?page_id=3722"},"modified":"2025-10-27T19:25:39","modified_gmt":"2025-10-27T18:25:39","slug":"recomendaciones-blanqueamiento-dental","status":"publish","type":"page","link":"https:\/\/ortodonciapozuelo.com\/fr\/recomendaciones-blanqueamiento-dental\/","title":{"rendered":"Recomendaciones blanqueamiento dental"},"content":{"rendered":"<div data-elementor-type=\"wp-page\" data-elementor-id=\"3722\" class=\"elementor elementor-3722\">\n\t\t\t\t<div class=\"elementor-element elementor-element-6873f71 e-con-full center-to-right e-flex wpr-equal-height-no e-con e-parent\" data-id=\"6873f71\" data-element_type=\"container\" data-e-type=\"container\" data-settings=\"{&quot;background_background&quot;:&quot;classic&quot;}\">\n\t\t<div class=\"elementor-element elementor-element-8078ea7 e-con-full e-flex wpr-equal-height-no e-con e-child\" data-id=\"8078ea7\" data-element_type=\"container\" data-e-type=\"container\">\n\t\t\t\t<div class=\"elementor-element elementor-element-c420ebf elementor-widget elementor-widget-heading\" data-id=\"c420ebf\" data-element_type=\"widget\" data-e-type=\"widget\" data-widget_type=\"heading.default\">\n\t\t\t\t\t<h1 class=\"elementor-heading-title elementor-size-default\">Instrucciones para el postblanqueamiento<\/h1>\t\t\t\t<\/div>\n\t\t<div class=\"elementor-element elementor-element-e686e79 e-con-full e-flex wpr-equal-height-no e-con e-child\" data-id=\"e686e79\" data-element_type=\"container\" data-e-type=\"container\">\n\t\t\t\t<div class=\"elementor-element elementor-element-1b95280 elementor-widget-mobile__width-inherit elementor-widget__width-initial wpr-button-icon-style-inline wpr-button-icon-position-right elementor-widget elementor-widget-wpr-button\" data-id=\"1b95280\" data-element_type=\"widget\" data-e-type=\"widget\" data-widget_type=\"wpr-button.default\">\n\t\t\t\t\t\t\n\t\t\t\n\t\t\n\t\t<div class=\"wpr-button-wrap elementor-clearfix\">\n\t\t<a class=\"wpr-button wpr-button-effect wpr-button-isi-left\" data-text=\"\" href=\"https:\/\/ortodonciapozuelo.com\/wp-content\/uploads\/RECOMENDACIONES-BLANQUEAMIENTO.pdf\">\n\t\t\t\n\t\t\t<span class=\"wpr-button-content\">\n\t\t\t\t\t\t\t\t\t<span class=\"wpr-button-text\">DESCARGAR<\/span>\n\t\t\t\t\t\t\t\t\n\t\t\t\t\t\t\t\t\t<span class=\"wpr-button-icon\"><svg xmlns=\"http:\/\/www.w3.org\/2000\/svg\" id=\"Layer_1\" height=\"512\" viewbox=\"0 0 20 20\" width=\"512\"><path d=\"m12 2-1.4 1.4 5.6 5.6h-16.2v2h16.2l-5.6 5.6 1.4 1.4 8-8z\"><\/path><\/svg><\/span>\n\t\t\t\t\t\t\t<\/span>\n\t\t<\/a>\n\n\t\t\t\t<\/div>\n\t\n\t\n\t\t\t\t\t<\/div>\n\t\t\t\t<\/div>\n\t\t\t\t<\/div>\n\t\t<div class=\"elementor-element elementor-element-4ee8d53 e-con-full e-flex wpr-equal-height-no e-con e-child\" data-id=\"4ee8d53\" data-element_type=\"container\" data-e-type=\"container\" data-settings=\"{&quot;background_background&quot;:&quot;classic&quot;}\">\n\t\t\t\t<div class=\"elementor-element elementor-element-fc4e0bb elementor-widget elementor-widget-spacer\" data-id=\"fc4e0bb\" data-element_type=\"widget\" data-e-type=\"widget\" data-widget_type=\"spacer.default\">\n\t\t\t\t\t\t\t<div class=\"elementor-spacer\">\n\t\t\t<div class=\"elementor-spacer-inner\"><\/div>\n\t\t<\/div>\n\t\t\t\t\t\t<\/div>\n\t\t\t\t<\/div>\n\t\t\t\t<\/div>\n\t\t<div class=\"elementor-element elementor-element-cc6159e e-flex e-con-boxed wpr-equal-height-no e-con e-parent\" data-id=\"cc6159e\" data-element_type=\"container\" data-e-type=\"container\">\n\t\t\t\t\t<div class=\"e-con-inner\">\n\t\t<div class=\"elementor-element elementor-element-b0f4ac0 e-con-full e-flex wpr-equal-height-no e-con e-child\" data-id=\"b0f4ac0\" data-element_type=\"container\" data-e-type=\"container\">\n\t\t\t\t<div class=\"elementor-element elementor-element-d1c40f7 elementor-widget elementor-widget-heading\" data-id=\"d1c40f7\" data-element_type=\"widget\" data-e-type=\"widget\" data-widget_type=\"heading.default\">\n\t\t\t\t\t<h2 class=\"elementor-heading-title elementor-size-default\">Consideraciones importantes para el blanqueamiento dental<\/h2>\t\t\t\t<\/div>\n\t\t\t\t<\/div>\n\t\t<div class=\"elementor-element elementor-element-1b81583 e-con-full e-flex wpr-equal-height-no e-con e-child\" data-id=\"1b81583\" data-element_type=\"container\" data-e-type=\"container\">\n\t\t\t\t<div class=\"elementor-element elementor-element-09ddf4f elementor-widget elementor-widget-text-editor\" data-id=\"09ddf4f\" data-element_type=\"widget\" data-e-type=\"widget\" data-widget_type=\"text-editor.default\">\n\t\t\t\t\t\t\t\t\t<p>Es importante que el paciente tenga en cuenta que unos dientes excesivamente blancos no son est\u00e9ticos ya que el color natural de los dientes no es blanco, especialmente en los adultos. es muy importante que su tratamiento de blanqueamiento dental sea estrictamente supervisado por el profesional ya que \u00e9ste debe terminar el punto donde la sustancia blanqueadora alcanza el nivel m\u00e1ximo de actuaci\u00f3n.<\/p>\t\t\t\t\t\t\t\t<\/div>\n\t\t\t\t<\/div>\n\t\t\t\t\t<\/div>\n\t\t\t\t<\/div>\n\t\t<div class=\"elementor-element elementor-element-fe396e9 e-flex e-con-boxed wpr-equal-height-no e-con e-parent\" data-id=\"fe396e9\" data-element_type=\"container\" data-e-type=\"container\">\n\t\t\t\t\t<div class=\"e-con-inner\">\n\t\t<div class=\"elementor-element elementor-element-bb8cca1 e-con-full e-flex wpr-equal-height-no e-con e-child\" data-id=\"bb8cca1\" data-element_type=\"container\" data-e-type=\"container\">\n\t\t\t\t<div class=\"elementor-element elementor-element-f021a77 elementor-widget elementor-widget-image\" data-id=\"f021a77\" data-element_type=\"widget\" data-e-type=\"widget\" data-widget_type=\"image.default\">\n\t\t\t\t\t\t\t\t\t\t\t\t\t\t\t<img fetchpriority=\"high\" decoding=\"async\" width=\"800\" height=\"800\" src=\"https:\/\/ortodonciapozuelo.com\/wp-content\/uploads\/acontraluz-98.jpg\" class=\"attachment-large size-large wp-image-3255\" alt=\"\" srcset=\"https:\/\/ortodonciapozuelo.com\/wp-content\/uploads\/acontraluz-98.jpg 1024w, https:\/\/ortodonciapozuelo.com\/wp-content\/uploads\/acontraluz-98-300x300.jpg 300w, https:\/\/ortodonciapozuelo.com\/wp-content\/uploads\/acontraluz-98-150x150.jpg 150w, https:\/\/ortodonciapozuelo.com\/wp-content\/uploads\/acontraluz-98-768x768.jpg 768w, https:\/\/ortodonciapozuelo.com\/wp-content\/uploads\/acontraluz-98-12x12.jpg 12w\" sizes=\"(max-width: 800px) 100vw, 800px\" \/>\t\t\t\t\t\t\t\t\t\t\t\t\t\t\t<\/div>\n\t\t\t\t<\/div>\n\t\t<div class=\"elementor-element elementor-element-470eed5 e-con-full e-flex wpr-equal-height-no e-con e-child\" data-id=\"470eed5\" data-element_type=\"container\" data-e-type=\"container\" data-settings=\"{&quot;background_background&quot;:&quot;classic&quot;}\">\n\t\t\t\t<div class=\"elementor-element elementor-element-d5ee55a elementor-widget elementor-widget-heading\" data-id=\"d5ee55a\" data-element_type=\"widget\" data-e-type=\"widget\" data-widget_type=\"heading.default\">\n\t\t\t\t\t<h2 class=\"elementor-heading-title elementor-size-default\">RECOMENDACIONES PARA LOS PR\u00d3XIMOS 6 D\u00cdAS: <\/h2>\t\t\t\t<\/div>\n\t\t\t\t<div class=\"elementor-element elementor-element-3f9cdf3 elementor-widget elementor-widget-text-editor\" data-id=\"3f9cdf3\" data-element_type=\"widget\" data-e-type=\"widget\" data-widget_type=\"text-editor.default\">\n\t\t\t\t\t\t\t\t\t<ol><li><a href=\"https:\/\/ortodonciapozuelo.com\/fr\/dieta-blanca\/\">Dieta blanca<\/a> 2 horas antes y 2 horas despu\u00e9s de aplicar el blanqueamiento<\/li><li>Evitar las comidas y bebidas muy fr\u00edas o muy calientes, si existe sensibilidad dentaria. Evitar alimentos \u00e1cidos.<\/li><li>Seguir en la medida de lo posible una dieta blanca, no abusar en exceso de alimentos con colorante (piment\u00f3n, azafr\u00e1n, tinta de calamar\u2026)<\/li><li>No abusar de caf\u00e9, chocolate, te , vino ni bebidas de cola.<\/li><li>No comer ni beber nada con el blanqueador<\/li><li>Dientes y f\u00e9rulas siempre secos antes de aplicar el producto. Limpiar minuciosamente las f\u00e9rulas despues de cada aplicaci\u00f3n de blanqueador.<\/li><li>Lavarse los dientes antes de desayunar las noches que se haya aplicado el blanqueamiento.<\/li><li>Restringir el tabaco.<\/li><li>Si es mujer procure no pintarse los labios con colores oscuros ya que el carm\u00edn puede entrar en contacto con los dientes.<\/li><li>Puede utilizar una pasta de dientes espec\u00edfica para dientes sensibles, a fin de evitar las m\u00ednimas sensibilidades que pueden aparecen tras el blanqueamiento. Nunca utilizar pastas o colutorios con<\/li><li>Es posible que sienta ciertas molestias durante la noche tras el tratamiento blanqueador; \u00e9stas mismas desaparecer\u00e1n al tomar un antinflamatorio con la cena (ibuprofeno, nolotil\u2026)<\/li><li>Es muy importante que mantenga buena higiene bucal, cepill\u00e1ndose al menos 3 veces al d\u00eda.<\/li><\/ol>\t\t\t\t\t\t\t\t<\/div>\n\t\t\t\t<div class=\"elementor-element elementor-element-76882d4 elementor-widget__width-initial elementor-widget elementor-widget-heading\" data-id=\"76882d4\" data-element_type=\"widget\" data-e-type=\"widget\" data-widget_type=\"heading.default\">\n\t\t\t\t\t<div class=\"elementor-heading-title elementor-size-default\">Ante cualquier duda p\u00f3ngase en contacto con la cl\u00ednica.\n\nLos efectos del blanqueamiento duran entre 1-3 a\u00f1os dependiendo de los h\u00e1bitos del paciente, nunca se recuperar\u00e1 el color inicial.<\/div>\t\t\t\t<\/div>\n\t\t\t\t<\/div>\n\t\t\t\t\t<\/div>\n\t\t\t\t<\/div>\n\t\t\t\t<\/div>","protected":false},"excerpt":{"rendered":"<p>Instrucciones para el postblanqueamiento DESCARGAR Consideraciones importantes para el blanqueamiento dental Es importante que el paciente tenga en cuenta que unos dientes excesivamente blancos no son est\u00e9ticos ya que el color natural de los dientes no es blanco, especialmente en los adultos. es muy importante que su tratamiento de blanqueamiento dental sea estrictamente supervisado por el profesional ya que \u00e9ste debe terminar el punto donde la sustancia blanqueadora alcanza el nivel m\u00e1ximo de actuaci\u00f3n. RECOMENDACIONES PARA LOS PR\u00d3XIMOS 6 D\u00cdAS: Dieta blanca 2 horas antes y 2 horas despu\u00e9s de aplicar el blanqueamiento Evitar las comidas y bebidas muy fr\u00edas o muy calientes, si existe sensibilidad dentaria. Evitar alimentos \u00e1cidos. Seguir en la medida de lo posible una dieta blanca, no abusar en exceso de alimentos con colorante (piment\u00f3n, azafr\u00e1n, tinta de calamar\u2026) No abusar de caf\u00e9, chocolate, te , vino ni bebidas de cola. No comer ni beber nada con el blanqueador Dientes y f\u00e9rulas siempre secos antes de aplicar el producto. Limpiar minuciosamente las f\u00e9rulas despues de cada aplicaci\u00f3n de blanqueador. Lavarse los dientes antes de desayunar las noches que se haya aplicado el blanqueamiento. Restringir el tabaco. Si es mujer procure no pintarse los labios con colores oscuros ya que el carm\u00edn puede entrar en contacto con los dientes. Puede utilizar una pasta de dientes espec\u00edfica para dientes sensibles, a fin de evitar las m\u00ednimas sensibilidades que pueden aparecen tras el blanqueamiento. Nunca utilizar pastas o colutorios con Es posible que sienta ciertas molestias durante la noche tras el tratamiento blanqueador; \u00e9stas mismas desaparecer\u00e1n al tomar un antinflamatorio con la cena (ibuprofeno, nolotil\u2026) Es muy importante que mantenga buena higiene bucal, cepill\u00e1ndose al menos 3 veces al d\u00eda. Ante cualquier duda p\u00f3ngase en contacto con la cl\u00ednica. Los efectos del blanqueamiento duran entre 1-3 a\u00f1os dependiendo de los h\u00e1bitos del paciente, nunca se recuperar\u00e1 el color inicial.<\/p>","protected":false},"author":1,"featured_media":0,"parent":0,"menu_order":1,"comment_status":"closed","ping_status":"closed","template":"","meta":{"_acf_changed":false,"_joinchat":[],"footnotes":""},"class_list":["post-3722","page","type-page","status-publish","hentry"],"acf":[],"yoast_head":"<!-- This site is optimized with the Yoast SEO plugin v27.5 - https:\/\/yoast.com\/product\/yoast-seo-wordpress\/ -->\n<title>Recomendaciones blanqueamiento dental - Ortodoncia invisible en Pozuelo de Alarc\u00f3n | Saborido &amp; Rodr\u00edguez<\/title>\n<meta name=\"robots\" content=\"index, follow, max-snippet:-1, max-image-preview:large, max-video-preview:-1\" \/>\n<link rel=\"canonical\" href=\"https:\/\/ortodonciapozuelo.com\/fr\/recomendaciones-blanqueamiento-dental\/\" \/>\n<meta property=\"og:locale\" content=\"fr_FR\" \/>\n<meta property=\"og:type\" content=\"article\" \/>\n<meta property=\"og:title\" content=\"Recomendaciones blanqueamiento dental - Ortodoncia invisible en Pozuelo de Alarc\u00f3n | Saborido &amp; Rodr\u00edguez\" \/>\n<meta property=\"og:description\" content=\"Instrucciones para el postblanqueamiento DESCARGAR Consideraciones importantes para el blanqueamiento dental Es importante que el paciente tenga en cuenta que unos dientes excesivamente blancos no son est\u00e9ticos ya que el color natural de los dientes no es blanco, especialmente en los adultos. es muy importante que su tratamiento de blanqueamiento dental sea estrictamente supervisado por el profesional ya que \u00e9ste debe terminar el punto donde la sustancia blanqueadora alcanza el nivel m\u00e1ximo de actuaci\u00f3n. RECOMENDACIONES PARA LOS PR\u00d3XIMOS 6 D\u00cdAS: Dieta blanca 2 horas antes y 2 horas despu\u00e9s de aplicar el blanqueamiento Evitar las comidas y bebidas muy fr\u00edas o muy calientes, si existe sensibilidad dentaria. Evitar alimentos \u00e1cidos. Seguir en la medida de lo posible una dieta blanca, no abusar en exceso de alimentos con colorante (piment\u00f3n, azafr\u00e1n, tinta de calamar\u2026) No abusar de caf\u00e9, chocolate, te , vino ni bebidas de cola. No comer ni beber nada con el blanqueador Dientes y f\u00e9rulas siempre secos antes de aplicar el producto. Limpiar minuciosamente las f\u00e9rulas despues de cada aplicaci\u00f3n de blanqueador. Lavarse los dientes antes de desayunar las noches que se haya aplicado el blanqueamiento. Restringir el tabaco. Si es mujer procure no pintarse los labios con colores oscuros ya que el carm\u00edn puede entrar en contacto con los dientes. Puede utilizar una pasta de dientes espec\u00edfica para dientes sensibles, a fin de evitar las m\u00ednimas sensibilidades que pueden aparecen tras el blanqueamiento. Nunca utilizar pastas o colutorios con Es posible que sienta ciertas molestias durante la noche tras el tratamiento blanqueador; \u00e9stas mismas desaparecer\u00e1n al tomar un antinflamatorio con la cena (ibuprofeno, nolotil\u2026) Es muy importante que mantenga buena higiene bucal, cepill\u00e1ndose al menos 3 veces al d\u00eda. Ante cualquier duda p\u00f3ngase en contacto con la cl\u00ednica. Los efectos del blanqueamiento duran entre 1-3 a\u00f1os dependiendo de los h\u00e1bitos del paciente, nunca se recuperar\u00e1 el color inicial.\" \/>\n<meta property=\"og:url\" content=\"https:\/\/ortodonciapozuelo.com\/fr\/recomendaciones-blanqueamiento-dental\/\" \/>\n<meta property=\"og:site_name\" content=\"Ortodoncia invisible en Pozuelo de Alarc\u00f3n | Saborido &amp; Rodr\u00edguez\" \/>\n<meta property=\"article:modified_time\" content=\"2025-10-27T18:25:39+00:00\" \/>\n<meta property=\"og:image\" content=\"https:\/\/ortodonciapozuelo.com\/wp-content\/uploads\/acontraluz-98.jpg\" \/>\n\t<meta property=\"og:image:width\" content=\"1024\" \/>\n\t<meta property=\"og:image:height\" content=\"1024\" \/>\n\t<meta property=\"og:image:type\" content=\"image\/jpeg\" \/>\n<meta name=\"twitter:card\" content=\"summary_large_image\" \/>\n<meta name=\"twitter:label1\" content=\"Dur\u00e9e de lecture estim\u00e9e\" \/>\n\t<meta name=\"twitter:data1\" content=\"2 minutes\" \/>\n<script type=\"application\/ld+json\" class=\"yoast-schema-graph\">{\"@context\":\"https:\\\/\\\/schema.org\",\"@graph\":[{\"@type\":\"WebPage\",\"@id\":\"https:\\\/\\\/ortodonciapozuelo.com\\\/recomendaciones-blanqueamiento-dental\\\/\",\"url\":\"https:\\\/\\\/ortodonciapozuelo.com\\\/recomendaciones-blanqueamiento-dental\\\/\",\"name\":\"Recomendaciones blanqueamiento dental - Ortodoncia invisible en Pozuelo de Alarc\u00f3n | Saborido &amp; Rodr\u00edguez\",\"isPartOf\":{\"@id\":\"https:\\\/\\\/ortodonciapozuelo.com\\\/#website\"},\"primaryImageOfPage\":{\"@id\":\"https:\\\/\\\/ortodonciapozuelo.com\\\/recomendaciones-blanqueamiento-dental\\\/#primaryimage\"},\"image\":{\"@id\":\"https:\\\/\\\/ortodonciapozuelo.com\\\/recomendaciones-blanqueamiento-dental\\\/#primaryimage\"},\"thumbnailUrl\":\"https:\\\/\\\/ortodonciapozuelo.com\\\/wp-content\\\/uploads\\\/acontraluz-98.jpg\",\"datePublished\":\"2025-10-23T18:01:19+00:00\",\"dateModified\":\"2025-10-27T18:25:39+00:00\",\"breadcrumb\":{\"@id\":\"https:\\\/\\\/ortodonciapozuelo.com\\\/recomendaciones-blanqueamiento-dental\\\/#breadcrumb\"},\"inLanguage\":\"fr-FR\",\"potentialAction\":[{\"@type\":\"ReadAction\",\"target\":[\"https:\\\/\\\/ortodonciapozuelo.com\\\/recomendaciones-blanqueamiento-dental\\\/\"]}]},{\"@type\":\"ImageObject\",\"inLanguage\":\"fr-FR\",\"@id\":\"https:\\\/\\\/ortodonciapozuelo.com\\\/recomendaciones-blanqueamiento-dental\\\/#primaryimage\",\"url\":\"https:\\\/\\\/ortodonciapozuelo.com\\\/wp-content\\\/uploads\\\/acontraluz-98.jpg\",\"contentUrl\":\"https:\\\/\\\/ortodonciapozuelo.com\\\/wp-content\\\/uploads\\\/acontraluz-98.jpg\"},{\"@type\":\"BreadcrumbList\",\"@id\":\"https:\\\/\\\/ortodonciapozuelo.com\\\/recomendaciones-blanqueamiento-dental\\\/#breadcrumb\",\"itemListElement\":[{\"@type\":\"ListItem\",\"position\":1,\"name\":\"Portada\",\"item\":\"https:\\\/\\\/ortodonciapozuelo.com\\\/\"},{\"@type\":\"ListItem\",\"position\":2,\"name\":\"Recomendaciones blanqueamiento dental\"}]},{\"@type\":\"WebSite\",\"@id\":\"https:\\\/\\\/ortodonciapozuelo.com\\\/#website\",\"url\":\"https:\\\/\\\/ortodonciapozuelo.com\\\/\",\"name\":\"Ortodoncia invisible en Pozuelo de Alarc\u00f3n | Saborido & Rodr\u00edguez\",\"description\":\"\",\"publisher\":{\"@id\":\"https:\\\/\\\/ortodonciapozuelo.com\\\/#organization\"},\"potentialAction\":[{\"@type\":\"SearchAction\",\"target\":{\"@type\":\"EntryPoint\",\"urlTemplate\":\"https:\\\/\\\/ortodonciapozuelo.com\\\/?s={search_term_string}\"},\"query-input\":{\"@type\":\"PropertyValueSpecification\",\"valueRequired\":true,\"valueName\":\"search_term_string\"}}],\"inLanguage\":\"fr-FR\"},{\"@type\":\"Organization\",\"@id\":\"https:\\\/\\\/ortodonciapozuelo.com\\\/#organization\",\"name\":\"Ortodoncia invisible en Pozuelo de Alarc\u00f3n | Saborido & Rodr\u00edguez\",\"url\":\"https:\\\/\\\/ortodonciapozuelo.com\\\/\",\"logo\":{\"@type\":\"ImageObject\",\"inLanguage\":\"fr-FR\",\"@id\":\"https:\\\/\\\/ortodonciapozuelo.com\\\/#\\\/schema\\\/logo\\\/image\\\/\",\"url\":\"https:\\\/\\\/ortodonciapozuelo.com\\\/wp-content\\\/uploads\\\/logo.png\",\"contentUrl\":\"https:\\\/\\\/ortodonciapozuelo.com\\\/wp-content\\\/uploads\\\/logo.png\",\"width\":535,\"height\":70,\"caption\":\"Ortodoncia invisible en Pozuelo de Alarc\u00f3n | Saborido & Rodr\u00edguez\"},\"image\":{\"@id\":\"https:\\\/\\\/ortodonciapozuelo.com\\\/#\\\/schema\\\/logo\\\/image\\\/\"}}]}<\/script>\n<!-- \/ Yoast SEO plugin. -->","yoast_head_json":{"title":"Recomendaciones blanqueamiento dental - Ortodoncia invisible en Pozuelo de Alarc\u00f3n | Saborido &amp; Rodr\u00edguez","robots":{"index":"index","follow":"follow","max-snippet":"max-snippet:-1","max-image-preview":"max-image-preview:large","max-video-preview":"max-video-preview:-1"},"canonical":"https:\/\/ortodonciapozuelo.com\/fr\/recomendaciones-blanqueamiento-dental\/","og_locale":"fr_FR","og_type":"article","og_title":"Recomendaciones blanqueamiento dental - Ortodoncia invisible en Pozuelo de Alarc\u00f3n | Saborido &amp; Rodr\u00edguez","og_description":"Instrucciones para el postblanqueamiento DESCARGAR Consideraciones importantes para el blanqueamiento dental Es importante que el paciente tenga en cuenta que unos dientes excesivamente blancos no son est\u00e9ticos ya que el color natural de los dientes no es blanco, especialmente en los adultos. es muy importante que su tratamiento de blanqueamiento dental sea estrictamente supervisado por el profesional ya que \u00e9ste debe terminar el punto donde la sustancia blanqueadora alcanza el nivel m\u00e1ximo de actuaci\u00f3n. RECOMENDACIONES PARA LOS PR\u00d3XIMOS 6 D\u00cdAS: Dieta blanca 2 horas antes y 2 horas despu\u00e9s de aplicar el blanqueamiento Evitar las comidas y bebidas muy fr\u00edas o muy calientes, si existe sensibilidad dentaria. Evitar alimentos \u00e1cidos. Seguir en la medida de lo posible una dieta blanca, no abusar en exceso de alimentos con colorante (piment\u00f3n, azafr\u00e1n, tinta de calamar\u2026) No abusar de caf\u00e9, chocolate, te , vino ni bebidas de cola. No comer ni beber nada con el blanqueador Dientes y f\u00e9rulas siempre secos antes de aplicar el producto. Limpiar minuciosamente las f\u00e9rulas despues de cada aplicaci\u00f3n de blanqueador. Lavarse los dientes antes de desayunar las noches que se haya aplicado el blanqueamiento. Restringir el tabaco. Si es mujer procure no pintarse los labios con colores oscuros ya que el carm\u00edn puede entrar en contacto con los dientes. Puede utilizar una pasta de dientes espec\u00edfica para dientes sensibles, a fin de evitar las m\u00ednimas sensibilidades que pueden aparecen tras el blanqueamiento. Nunca utilizar pastas o colutorios con Es posible que sienta ciertas molestias durante la noche tras el tratamiento blanqueador; \u00e9stas mismas desaparecer\u00e1n al tomar un antinflamatorio con la cena (ibuprofeno, nolotil\u2026) Es muy importante que mantenga buena higiene bucal, cepill\u00e1ndose al menos 3 veces al d\u00eda. Ante cualquier duda p\u00f3ngase en contacto con la cl\u00ednica. Los efectos del blanqueamiento duran entre 1-3 a\u00f1os dependiendo de los h\u00e1bitos del paciente, nunca se recuperar\u00e1 el color inicial.","og_url":"https:\/\/ortodonciapozuelo.com\/fr\/recomendaciones-blanqueamiento-dental\/","og_site_name":"Ortodoncia invisible en Pozuelo de Alarc\u00f3n | Saborido &amp; Rodr\u00edguez","article_modified_time":"2025-10-27T18:25:39+00:00","og_image":[{"width":1024,"height":1024,"url":"https:\/\/ortodonciapozuelo.com\/wp-content\/uploads\/acontraluz-98.jpg","type":"image\/jpeg"}],"twitter_card":"summary_large_image","twitter_misc":{"Dur\u00e9e de lecture estim\u00e9e":"2 minutes"},"schema":{"@context":"https:\/\/schema.org","@graph":[{"@type":"WebPage","@id":"https:\/\/ortodonciapozuelo.com\/recomendaciones-blanqueamiento-dental\/","url":"https:\/\/ortodonciapozuelo.com\/recomendaciones-blanqueamiento-dental\/","name":"Recomendaciones blanqueamiento dental - Ortodoncia invisible en Pozuelo de Alarc\u00f3n | Saborido &amp; Rodr\u00edguez","isPartOf":{"@id":"https:\/\/ortodonciapozuelo.com\/#website"},"primaryImageOfPage":{"@id":"https:\/\/ortodonciapozuelo.com\/recomendaciones-blanqueamiento-dental\/#primaryimage"},"image":{"@id":"https:\/\/ortodonciapozuelo.com\/recomendaciones-blanqueamiento-dental\/#primaryimage"},"thumbnailUrl":"https:\/\/ortodonciapozuelo.com\/wp-content\/uploads\/acontraluz-98.jpg","datePublished":"2025-10-23T18:01:19+00:00","dateModified":"2025-10-27T18:25:39+00:00","breadcrumb":{"@id":"https:\/\/ortodonciapozuelo.com\/recomendaciones-blanqueamiento-dental\/#breadcrumb"},"inLanguage":"fr-FR","potentialAction":[{"@type":"ReadAction","target":["https:\/\/ortodonciapozuelo.com\/recomendaciones-blanqueamiento-dental\/"]}]},{"@type":"ImageObject","inLanguage":"fr-FR","@id":"https:\/\/ortodonciapozuelo.com\/recomendaciones-blanqueamiento-dental\/#primaryimage","url":"https:\/\/ortodonciapozuelo.com\/wp-content\/uploads\/acontraluz-98.jpg","contentUrl":"https:\/\/ortodonciapozuelo.com\/wp-content\/uploads\/acontraluz-98.jpg"},{"@type":"BreadcrumbList","@id":"https:\/\/ortodonciapozuelo.com\/recomendaciones-blanqueamiento-dental\/#breadcrumb","itemListElement":[{"@type":"ListItem","position":1,"name":"Portada","item":"https:\/\/ortodonciapozuelo.com\/"},{"@type":"ListItem","position":2,"name":"Recomendaciones blanqueamiento dental"}]},{"@type":"WebSite","@id":"https:\/\/ortodonciapozuelo.com\/#website","url":"https:\/\/ortodonciapozuelo.com\/","name":"Orthodontie invisible \u00e0 Pozuelo de Alarc\u00f3n | Saborido &amp; Rodr\u00edguez","description":"","publisher":{"@id":"https:\/\/ortodonciapozuelo.com\/#organization"},"potentialAction":[{"@type":"SearchAction","target":{"@type":"EntryPoint","urlTemplate":"https:\/\/ortodonciapozuelo.com\/?s={search_term_string}"},"query-input":{"@type":"PropertyValueSpecification","valueRequired":true,"valueName":"search_term_string"}}],"inLanguage":"fr-FR"},{"@type":"Organization","@id":"https:\/\/ortodonciapozuelo.com\/#organization","name":"Orthodontie invisible \u00e0 Pozuelo de Alarc\u00f3n | Saborido &amp; Rodr\u00edguez","url":"https:\/\/ortodonciapozuelo.com\/","logo":{"@type":"ImageObject","inLanguage":"fr-FR","@id":"https:\/\/ortodonciapozuelo.com\/#\/schema\/logo\/image\/","url":"https:\/\/ortodonciapozuelo.com\/wp-content\/uploads\/logo.png","contentUrl":"https:\/\/ortodonciapozuelo.com\/wp-content\/uploads\/logo.png","width":535,"height":70,"caption":"Ortodoncia invisible en Pozuelo de Alarc\u00f3n | Saborido & Rodr\u00edguez"},"image":{"@id":"https:\/\/ortodonciapozuelo.com\/#\/schema\/logo\/image\/"}}]}},"_links":{"self":[{"href":"https:\/\/ortodonciapozuelo.com\/fr\/wp-json\/wp\/v2\/pages\/3722","targetHints":{"allow":["GET"]}}],"collection":[{"href":"https:\/\/ortodonciapozuelo.com\/fr\/wp-json\/wp\/v2\/pages"}],"about":[{"href":"https:\/\/ortodonciapozuelo.com\/fr\/wp-json\/wp\/v2\/types\/page"}],"author":[{"embeddable":true,"href":"https:\/\/ortodonciapozuelo.com\/fr\/wp-json\/wp\/v2\/users\/1"}],"replies":[{"embeddable":true,"href":"https:\/\/ortodonciapozuelo.com\/fr\/wp-json\/wp\/v2\/comments?post=3722"}],"version-history":[{"count":46,"href":"https:\/\/ortodonciapozuelo.com\/fr\/wp-json\/wp\/v2\/pages\/3722\/revisions"}],"predecessor-version":[{"id":4091,"href":"https:\/\/ortodonciapozuelo.com\/fr\/wp-json\/wp\/v2\/pages\/3722\/revisions\/4091"}],"wp:attachment":[{"href":"https:\/\/ortodonciapozuelo.com\/fr\/wp-json\/wp\/v2\/media?parent=3722"}],"curies":[{"name":"wp","href":"https:\/\/api.w.org\/{rel}","templated":true}]}}