{"id":3862,"date":"2025-10-23T22:17:02","date_gmt":"2025-10-23T20:17:02","guid":{"rendered":"https:\/\/ortodonciapozuelo.com\/?page_id=3862"},"modified":"2025-10-27T19:25:44","modified_gmt":"2025-10-27T18:25:44","slug":"recomendaciones-micro-tornillos-ortodoncia","status":"publish","type":"page","link":"https:\/\/ortodonciapozuelo.com\/en\/recomendaciones-micro-tornillos-ortodoncia\/","title":{"rendered":"Recomendaciones micro-tornillos ortodoncia"},"content":{"rendered":"<div data-elementor-type=\"wp-page\" data-elementor-id=\"3862\" class=\"elementor elementor-3862\">\n\t\t\t\t<div class=\"elementor-element elementor-element-ac11a2a e-con-full center-to-right e-flex wpr-column-slider-no wpr-equal-height-no e-con e-parent\" data-id=\"ac11a2a\" data-element_type=\"container\" data-e-type=\"container\" data-settings=\"{&quot;background_background&quot;:&quot;classic&quot;}\">\n\t\t<div class=\"elementor-element elementor-element-431774b e-con-full e-flex wpr-column-slider-no wpr-equal-height-no e-con e-child\" data-id=\"431774b\" data-element_type=\"container\" data-e-type=\"container\">\n\t\t\t\t<div class=\"elementor-element elementor-element-c18ad86 elementor-widget elementor-widget-heading\" data-id=\"c18ad86\" data-element_type=\"widget\" data-e-type=\"widget\" data-widget_type=\"heading.default\">\n\t\t\t\t\t<h1 class=\"elementor-heading-title elementor-size-default\">Recomendaciones para micro-tornillos de ortodoncia<\/h1>\t\t\t\t<\/div>\n\t\t<div class=\"elementor-element elementor-element-9dc42cf e-con-full e-flex wpr-column-slider-no wpr-equal-height-no e-con e-child\" data-id=\"9dc42cf\" data-element_type=\"container\" data-e-type=\"container\">\n\t\t\t\t<div class=\"elementor-element elementor-element-31b536a elementor-widget-mobile__width-inherit elementor-widget__width-initial wpr-button-icon-style-inline wpr-button-icon-position-right elementor-widget elementor-widget-wpr-button\" data-id=\"31b536a\" data-element_type=\"widget\" data-e-type=\"widget\" data-widget_type=\"wpr-button.default\">\n\t\t\t\t\t\t\n\t\t\t\n\t\t\n\t\t<div class=\"wpr-button-wrap elementor-clearfix\">\n\t\t<a class=\"wpr-button wpr-button-effect wpr-button-isi-left\" data-text=\"\" href=\"https:\/\/ortodonciapozuelo.com\/wp-content\/uploads\/RECOMENDACIONES-PARA-MICRO-TORNILLOS-DE-ORTODONCIA.pdf\">\n\t\t\t\n\t\t\t<span class=\"wpr-button-content\">\n\t\t\t\t\t\t\t\t\t<span class=\"wpr-button-text\">DESCARGAR<\/span>\n\t\t\t\t\t\t\t\t\n\t\t\t\t\t\t\t\t\t<span class=\"wpr-button-icon\"><svg xmlns=\"http:\/\/www.w3.org\/2000\/svg\" id=\"Layer_1\" height=\"512\" viewbox=\"0 0 20 20\" width=\"512\"><path d=\"m12 2-1.4 1.4 5.6 5.6h-16.2v2h16.2l-5.6 5.6 1.4 1.4 8-8z\"><\/path><\/svg><\/span>\n\t\t\t\t\t\t\t<\/span>\n\t\t<\/a>\n\n\t\t\t\t<\/div>\n\t\n\t\n\t\t\t\t\t<\/div>\n\t\t\t\t<\/div>\n\t\t\t\t<\/div>\n\t\t<div class=\"elementor-element elementor-element-1ba3f81 e-con-full e-flex wpr-column-slider-no wpr-equal-height-no e-con e-child\" data-id=\"1ba3f81\" data-element_type=\"container\" data-e-type=\"container\" data-settings=\"{&quot;background_background&quot;:&quot;classic&quot;}\">\n\t\t\t\t<div class=\"elementor-element elementor-element-b690b2d elementor-widget elementor-widget-spacer\" data-id=\"b690b2d\" data-element_type=\"widget\" data-e-type=\"widget\" data-widget_type=\"spacer.default\">\n\t\t\t\t\t\t\t<div class=\"elementor-spacer\">\n\t\t\t<div class=\"elementor-spacer-inner\"><\/div>\n\t\t<\/div>\n\t\t\t\t\t\t<\/div>\n\t\t\t\t<\/div>\n\t\t\t\t<\/div>\n\t\t<div class=\"elementor-element elementor-element-b508408 e-flex e-con-boxed wpr-column-slider-no wpr-equal-height-no e-con e-parent\" data-id=\"b508408\" data-element_type=\"container\" data-e-type=\"container\">\n\t\t\t\t\t<div class=\"e-con-inner\">\n\t\t<div class=\"elementor-element elementor-element-80806a3 e-con-full e-flex wpr-column-slider-no wpr-equal-height-no e-con e-child\" data-id=\"80806a3\" data-element_type=\"container\" data-e-type=\"container\">\n\t\t\t\t<div class=\"elementor-element elementor-element-88e7b38 elementor-widget elementor-widget-image\" data-id=\"88e7b38\" data-element_type=\"widget\" data-e-type=\"widget\" data-widget_type=\"image.default\">\n\t\t\t\t\t\t\t\t\t\t\t\t\t\t\t<img fetchpriority=\"high\" decoding=\"async\" width=\"800\" height=\"534\" src=\"https:\/\/ortodonciapozuelo.com\/wp-content\/uploads\/acontraluz-126-1024x683.jpg\" class=\"attachment-large size-large wp-image-3188\" alt=\"\" srcset=\"https:\/\/ortodonciapozuelo.com\/wp-content\/uploads\/acontraluz-126-1024x683.jpg 1024w, https:\/\/ortodonciapozuelo.com\/wp-content\/uploads\/acontraluz-126-300x200.jpg 300w, https:\/\/ortodonciapozuelo.com\/wp-content\/uploads\/acontraluz-126-768x512.jpg 768w, https:\/\/ortodonciapozuelo.com\/wp-content\/uploads\/acontraluz-126-1536x1024.jpg 1536w, https:\/\/ortodonciapozuelo.com\/wp-content\/uploads\/acontraluz-126-18x12.jpg 18w, https:\/\/ortodonciapozuelo.com\/wp-content\/uploads\/acontraluz-126.jpg 1920w\" sizes=\"(max-width: 800px) 100vw, 800px\" \/>\t\t\t\t\t\t\t\t\t\t\t\t\t\t\t<\/div>\n\t\t\t\t<\/div>\n\t\t<div class=\"elementor-element elementor-element-e5ec1fe e-con-full e-flex wpr-column-slider-no wpr-equal-height-no e-con e-child\" data-id=\"e5ec1fe\" data-element_type=\"container\" data-e-type=\"container\" data-settings=\"{&quot;background_background&quot;:&quot;classic&quot;}\">\n\t\t\t\t<div class=\"elementor-element elementor-element-26c5d55 elementor-widget elementor-widget-heading\" data-id=\"26c5d55\" data-element_type=\"widget\" data-e-type=\"widget\" data-widget_type=\"heading.default\">\n\t\t\t\t\t<h2 class=\"elementor-heading-title elementor-size-default\">D\u00eda de la intervenci\u00f3n<\/h2>\t\t\t\t<\/div>\n\t\t\t\t<div class=\"elementor-element elementor-element-59b87f5 elementor-widget elementor-widget-text-editor\" data-id=\"59b87f5\" data-element_type=\"widget\" data-e-type=\"widget\" data-widget_type=\"text-editor.default\">\n\t\t\t\t\t\t\t\t\t<ul><li>Es normal que al pasarse el efecto de la anestesia se sienta molestia o cierto dolor en la zona de colocaci\u00f3n.<\/li><li>Lo ideal es tomar Ibuprofeno de 400 mg o Enantyum 25 mg al llegar a casa y si persiste repetir cada 8 horas. Si fuera necesario a\u00f1adir un protector g\u00e1strico Omeoprazol.<\/li><li>Si el dolor no cede y es intenso (muy poco habitual) debes llamar a la consulta<\/li><\/ul>\t\t\t\t\t\t\t\t<\/div>\n\t\t\t\t<div class=\"elementor-element elementor-element-dfcfe30 elementor-widget elementor-widget-heading\" data-id=\"dfcfe30\" data-element_type=\"widget\" data-e-type=\"widget\" data-widget_type=\"heading.default\">\n\t\t\t\t\t<h2 class=\"elementor-heading-title elementor-size-default\">C\u00f3mo cuidar los microtornillos<\/h2>\t\t\t\t<\/div>\n\t\t\t\t<div class=\"elementor-element elementor-element-db0d4e6 elementor-widget elementor-widget-text-editor\" data-id=\"db0d4e6\" data-element_type=\"widget\" data-e-type=\"widget\" data-widget_type=\"text-editor.default\">\n\t\t\t\t\t\t\t\t\t<ul><li>El microtornillo se ha de cepillar muy bien sin miedo a que se caiga. Cepille especialmente la uni\u00f3n entre el microtornillo y la enc\u00eda, sin generar fuerza y con un cepillo que no sea de cerdas duras. Si la higiene es deficiente la enc\u00eda y el hueso alrededor del microtornillo se inflamar\u00e1 y este se caer\u00e1. Dependiendo de la fase de tratamiento ser\u00e1 necesario reponerlo o no, a criterio del doctor.<\/li><li>Puede utilizar gel y\/o enjuague de clorhexidina al 0.2% durante 2 o 3 d\u00edas tras el proceso de colocaci\u00f3n.<\/li><li>Limpie el resto de los dientes como lo hace habitualmente.<\/li><li>En caso de que se presenten peque\u00f1as heridas en la mucosa que est\u00e1 en contacto con los microtornillos, puede utilizar cera de ortodoncia protectora.<\/li><\/ul>\t\t\t\t\t\t\t\t<\/div>\n\t\t\t\t<\/div>\n\t\t\t\t\t<\/div>\n\t\t\t\t<\/div>\n\t\t\t\t<\/div>","protected":false},"excerpt":{"rendered":"<p>Recomendaciones para micro-tornillos de ortodoncia DESCARGAR D\u00eda de la intervenci\u00f3n Es normal que al pasarse el efecto de la anestesia se sienta molestia o cierto dolor en la zona de colocaci\u00f3n. Lo ideal es tomar Ibuprofeno de 400 mg o Enantyum 25 mg al llegar a casa y si persiste repetir cada 8 horas. Si fuera necesario a\u00f1adir un protector g\u00e1strico Omeoprazol. Si el dolor no cede y es intenso (muy poco habitual) debes llamar a la consulta C\u00f3mo cuidar los microtornillos El microtornillo se ha de cepillar muy bien sin miedo a que se caiga. Cepille especialmente la uni\u00f3n entre el microtornillo y la enc\u00eda, sin generar fuerza y con un cepillo que no sea de cerdas duras. Si la higiene es deficiente la enc\u00eda y el hueso alrededor del microtornillo se inflamar\u00e1 y este se caer\u00e1. Dependiendo de la fase de tratamiento ser\u00e1 necesario reponerlo o no, a criterio del doctor. Puede utilizar gel y\/o enjuague de clorhexidina al 0.2% durante 2 o 3 d\u00edas tras el proceso de colocaci\u00f3n. Limpie el resto de los dientes como lo hace habitualmente. En caso de que se presenten peque\u00f1as heridas en la mucosa que est\u00e1 en contacto con los microtornillos, puede utilizar cera de ortodoncia protectora.<\/p>","protected":false},"author":1,"featured_media":0,"parent":0,"menu_order":1,"comment_status":"closed","ping_status":"closed","template":"","meta":{"_acf_changed":false,"_joinchat":[],"footnotes":""},"class_list":["post-3862","page","type-page","status-publish","hentry"],"acf":[],"yoast_head":"<!-- This site is optimized with the Yoast SEO plugin v27.5 - https:\/\/yoast.com\/product\/yoast-seo-wordpress\/ -->\n<title>Recomendaciones micro-tornillos ortodoncia - Ortodoncia invisible en Pozuelo de Alarc\u00f3n | Saborido &amp; Rodr\u00edguez<\/title>\n<meta name=\"robots\" content=\"index, follow, max-snippet:-1, max-image-preview:large, max-video-preview:-1\" \/>\n<link rel=\"canonical\" href=\"https:\/\/ortodonciapozuelo.com\/en\/recomendaciones-micro-tornillos-ortodoncia\/\" \/>\n<meta property=\"og:locale\" content=\"en_GB\" \/>\n<meta property=\"og:type\" content=\"article\" \/>\n<meta property=\"og:title\" content=\"Recomendaciones micro-tornillos ortodoncia - Ortodoncia invisible en Pozuelo de Alarc\u00f3n | Saborido &amp; Rodr\u00edguez\" \/>\n<meta property=\"og:description\" content=\"Recomendaciones para micro-tornillos de ortodoncia DESCARGAR D\u00eda de la intervenci\u00f3n Es normal que al pasarse el efecto de la anestesia se sienta molestia o cierto dolor en la zona de colocaci\u00f3n. Lo ideal es tomar Ibuprofeno de 400 mg o Enantyum 25 mg al llegar a casa y si persiste repetir cada 8 horas. Si fuera necesario a\u00f1adir un protector g\u00e1strico Omeoprazol. Si el dolor no cede y es intenso (muy poco habitual) debes llamar a la consulta C\u00f3mo cuidar los microtornillos El microtornillo se ha de cepillar muy bien sin miedo a que se caiga. Cepille especialmente la uni\u00f3n entre el microtornillo y la enc\u00eda, sin generar fuerza y con un cepillo que no sea de cerdas duras. Si la higiene es deficiente la enc\u00eda y el hueso alrededor del microtornillo se inflamar\u00e1 y este se caer\u00e1. Dependiendo de la fase de tratamiento ser\u00e1 necesario reponerlo o no, a criterio del doctor. Puede utilizar gel y\/o enjuague de clorhexidina al 0.2% durante 2 o 3 d\u00edas tras el proceso de colocaci\u00f3n. Limpie el resto de los dientes como lo hace habitualmente. En caso de que se presenten peque\u00f1as heridas en la mucosa que est\u00e1 en contacto con los microtornillos, puede utilizar cera de ortodoncia protectora.\" \/>\n<meta property=\"og:url\" content=\"https:\/\/ortodonciapozuelo.com\/en\/recomendaciones-micro-tornillos-ortodoncia\/\" \/>\n<meta property=\"og:site_name\" content=\"Ortodoncia invisible en Pozuelo de Alarc\u00f3n | Saborido &amp; Rodr\u00edguez\" \/>\n<meta property=\"article:modified_time\" content=\"2025-10-27T18:25:44+00:00\" \/>\n<meta property=\"og:image\" content=\"https:\/\/ortodonciapozuelo.com\/wp-content\/uploads\/acontraluz-126.jpg\" \/>\n\t<meta property=\"og:image:width\" content=\"1920\" \/>\n\t<meta property=\"og:image:height\" content=\"1280\" \/>\n\t<meta property=\"og:image:type\" content=\"image\/jpeg\" \/>\n<meta name=\"twitter:card\" content=\"summary_large_image\" \/>\n<meta name=\"twitter:label1\" content=\"Estimated reading time\" \/>\n\t<meta name=\"twitter:data1\" content=\"1 minute\" \/>\n<script type=\"application\/ld+json\" class=\"yoast-schema-graph\">{\"@context\":\"https:\\\/\\\/schema.org\",\"@graph\":[{\"@type\":\"WebPage\",\"@id\":\"https:\\\/\\\/ortodonciapozuelo.com\\\/recomendaciones-micro-tornillos-ortodoncia\\\/\",\"url\":\"https:\\\/\\\/ortodonciapozuelo.com\\\/recomendaciones-micro-tornillos-ortodoncia\\\/\",\"name\":\"Recomendaciones micro-tornillos ortodoncia - Ortodoncia invisible en Pozuelo de Alarc\u00f3n | Saborido &amp; Rodr\u00edguez\",\"isPartOf\":{\"@id\":\"https:\\\/\\\/ortodonciapozuelo.com\\\/#website\"},\"primaryImageOfPage\":{\"@id\":\"https:\\\/\\\/ortodonciapozuelo.com\\\/recomendaciones-micro-tornillos-ortodoncia\\\/#primaryimage\"},\"image\":{\"@id\":\"https:\\\/\\\/ortodonciapozuelo.com\\\/recomendaciones-micro-tornillos-ortodoncia\\\/#primaryimage\"},\"thumbnailUrl\":\"https:\\\/\\\/ortodonciapozuelo.com\\\/wp-content\\\/uploads\\\/acontraluz-126-1024x683.jpg\",\"datePublished\":\"2025-10-23T20:17:02+00:00\",\"dateModified\":\"2025-10-27T18:25:44+00:00\",\"breadcrumb\":{\"@id\":\"https:\\\/\\\/ortodonciapozuelo.com\\\/recomendaciones-micro-tornillos-ortodoncia\\\/#breadcrumb\"},\"inLanguage\":\"en-GB\",\"potentialAction\":[{\"@type\":\"ReadAction\",\"target\":[\"https:\\\/\\\/ortodonciapozuelo.com\\\/recomendaciones-micro-tornillos-ortodoncia\\\/\"]}]},{\"@type\":\"ImageObject\",\"inLanguage\":\"en-GB\",\"@id\":\"https:\\\/\\\/ortodonciapozuelo.com\\\/recomendaciones-micro-tornillos-ortodoncia\\\/#primaryimage\",\"url\":\"https:\\\/\\\/ortodonciapozuelo.com\\\/wp-content\\\/uploads\\\/acontraluz-126-1024x683.jpg\",\"contentUrl\":\"https:\\\/\\\/ortodonciapozuelo.com\\\/wp-content\\\/uploads\\\/acontraluz-126-1024x683.jpg\"},{\"@type\":\"BreadcrumbList\",\"@id\":\"https:\\\/\\\/ortodonciapozuelo.com\\\/recomendaciones-micro-tornillos-ortodoncia\\\/#breadcrumb\",\"itemListElement\":[{\"@type\":\"ListItem\",\"position\":1,\"name\":\"Portada\",\"item\":\"https:\\\/\\\/ortodonciapozuelo.com\\\/\"},{\"@type\":\"ListItem\",\"position\":2,\"name\":\"Recomendaciones micro-tornillos ortodoncia\"}]},{\"@type\":\"WebSite\",\"@id\":\"https:\\\/\\\/ortodonciapozuelo.com\\\/#website\",\"url\":\"https:\\\/\\\/ortodonciapozuelo.com\\\/\",\"name\":\"Ortodoncia invisible en Pozuelo de Alarc\u00f3n | Saborido & Rodr\u00edguez\",\"description\":\"\",\"publisher\":{\"@id\":\"https:\\\/\\\/ortodonciapozuelo.com\\\/#organization\"},\"potentialAction\":[{\"@type\":\"SearchAction\",\"target\":{\"@type\":\"EntryPoint\",\"urlTemplate\":\"https:\\\/\\\/ortodonciapozuelo.com\\\/?s={search_term_string}\"},\"query-input\":{\"@type\":\"PropertyValueSpecification\",\"valueRequired\":true,\"valueName\":\"search_term_string\"}}],\"inLanguage\":\"en-GB\"},{\"@type\":\"Organization\",\"@id\":\"https:\\\/\\\/ortodonciapozuelo.com\\\/#organization\",\"name\":\"Ortodoncia invisible en Pozuelo de Alarc\u00f3n | Saborido & Rodr\u00edguez\",\"url\":\"https:\\\/\\\/ortodonciapozuelo.com\\\/\",\"logo\":{\"@type\":\"ImageObject\",\"inLanguage\":\"en-GB\",\"@id\":\"https:\\\/\\\/ortodonciapozuelo.com\\\/#\\\/schema\\\/logo\\\/image\\\/\",\"url\":\"https:\\\/\\\/ortodonciapozuelo.com\\\/wp-content\\\/uploads\\\/logo.png\",\"contentUrl\":\"https:\\\/\\\/ortodonciapozuelo.com\\\/wp-content\\\/uploads\\\/logo.png\",\"width\":535,\"height\":70,\"caption\":\"Ortodoncia invisible en Pozuelo de Alarc\u00f3n | Saborido & Rodr\u00edguez\"},\"image\":{\"@id\":\"https:\\\/\\\/ortodonciapozuelo.com\\\/#\\\/schema\\\/logo\\\/image\\\/\"}}]}<\/script>\n<!-- \/ Yoast SEO plugin. -->","yoast_head_json":{"title":"Recomendaciones micro-tornillos ortodoncia - Ortodoncia invisible en Pozuelo de Alarc\u00f3n | Saborido &amp; Rodr\u00edguez","robots":{"index":"index","follow":"follow","max-snippet":"max-snippet:-1","max-image-preview":"max-image-preview:large","max-video-preview":"max-video-preview:-1"},"canonical":"https:\/\/ortodonciapozuelo.com\/en\/recomendaciones-micro-tornillos-ortodoncia\/","og_locale":"en_GB","og_type":"article","og_title":"Recomendaciones micro-tornillos ortodoncia - Ortodoncia invisible en Pozuelo de Alarc\u00f3n | Saborido &amp; Rodr\u00edguez","og_description":"Recomendaciones para micro-tornillos de ortodoncia DESCARGAR D\u00eda de la intervenci\u00f3n Es normal que al pasarse el efecto de la anestesia se sienta molestia o cierto dolor en la zona de colocaci\u00f3n. Lo ideal es tomar Ibuprofeno de 400 mg o Enantyum 25 mg al llegar a casa y si persiste repetir cada 8 horas. Si fuera necesario a\u00f1adir un protector g\u00e1strico Omeoprazol. Si el dolor no cede y es intenso (muy poco habitual) debes llamar a la consulta C\u00f3mo cuidar los microtornillos El microtornillo se ha de cepillar muy bien sin miedo a que se caiga. Cepille especialmente la uni\u00f3n entre el microtornillo y la enc\u00eda, sin generar fuerza y con un cepillo que no sea de cerdas duras. Si la higiene es deficiente la enc\u00eda y el hueso alrededor del microtornillo se inflamar\u00e1 y este se caer\u00e1. Dependiendo de la fase de tratamiento ser\u00e1 necesario reponerlo o no, a criterio del doctor. Puede utilizar gel y\/o enjuague de clorhexidina al 0.2% durante 2 o 3 d\u00edas tras el proceso de colocaci\u00f3n. Limpie el resto de los dientes como lo hace habitualmente. En caso de que se presenten peque\u00f1as heridas en la mucosa que est\u00e1 en contacto con los microtornillos, puede utilizar cera de ortodoncia protectora.","og_url":"https:\/\/ortodonciapozuelo.com\/en\/recomendaciones-micro-tornillos-ortodoncia\/","og_site_name":"Ortodoncia invisible en Pozuelo de Alarc\u00f3n | Saborido &amp; Rodr\u00edguez","article_modified_time":"2025-10-27T18:25:44+00:00","og_image":[{"width":1920,"height":1280,"url":"https:\/\/ortodonciapozuelo.com\/wp-content\/uploads\/acontraluz-126.jpg","type":"image\/jpeg"}],"twitter_card":"summary_large_image","twitter_misc":{"Estimated reading time":"1 minute"},"schema":{"@context":"https:\/\/schema.org","@graph":[{"@type":"WebPage","@id":"https:\/\/ortodonciapozuelo.com\/recomendaciones-micro-tornillos-ortodoncia\/","url":"https:\/\/ortodonciapozuelo.com\/recomendaciones-micro-tornillos-ortodoncia\/","name":"Recomendaciones micro-tornillos ortodoncia - Ortodoncia invisible en Pozuelo de Alarc\u00f3n | Saborido &amp; Rodr\u00edguez","isPartOf":{"@id":"https:\/\/ortodonciapozuelo.com\/#website"},"primaryImageOfPage":{"@id":"https:\/\/ortodonciapozuelo.com\/recomendaciones-micro-tornillos-ortodoncia\/#primaryimage"},"image":{"@id":"https:\/\/ortodonciapozuelo.com\/recomendaciones-micro-tornillos-ortodoncia\/#primaryimage"},"thumbnailUrl":"https:\/\/ortodonciapozuelo.com\/wp-content\/uploads\/acontraluz-126-1024x683.jpg","datePublished":"2025-10-23T20:17:02+00:00","dateModified":"2025-10-27T18:25:44+00:00","breadcrumb":{"@id":"https:\/\/ortodonciapozuelo.com\/recomendaciones-micro-tornillos-ortodoncia\/#breadcrumb"},"inLanguage":"en-GB","potentialAction":[{"@type":"ReadAction","target":["https:\/\/ortodonciapozuelo.com\/recomendaciones-micro-tornillos-ortodoncia\/"]}]},{"@type":"ImageObject","inLanguage":"en-GB","@id":"https:\/\/ortodonciapozuelo.com\/recomendaciones-micro-tornillos-ortodoncia\/#primaryimage","url":"https:\/\/ortodonciapozuelo.com\/wp-content\/uploads\/acontraluz-126-1024x683.jpg","contentUrl":"https:\/\/ortodonciapozuelo.com\/wp-content\/uploads\/acontraluz-126-1024x683.jpg"},{"@type":"BreadcrumbList","@id":"https:\/\/ortodonciapozuelo.com\/recomendaciones-micro-tornillos-ortodoncia\/#breadcrumb","itemListElement":[{"@type":"ListItem","position":1,"name":"Portada","item":"https:\/\/ortodonciapozuelo.com\/"},{"@type":"ListItem","position":2,"name":"Recomendaciones micro-tornillos ortodoncia"}]},{"@type":"WebSite","@id":"https:\/\/ortodonciapozuelo.com\/#website","url":"https:\/\/ortodonciapozuelo.com\/","name":"Invisible Orthodontics in Pozuelo de Alarc\u00f3n | Saborido &amp; Rodr\u00edguez","description":"","publisher":{"@id":"https:\/\/ortodonciapozuelo.com\/#organization"},"potentialAction":[{"@type":"SearchAction","target":{"@type":"EntryPoint","urlTemplate":"https:\/\/ortodonciapozuelo.com\/?s={search_term_string}"},"query-input":{"@type":"PropertyValueSpecification","valueRequired":true,"valueName":"search_term_string"}}],"inLanguage":"en-GB"},{"@type":"Organization","@id":"https:\/\/ortodonciapozuelo.com\/#organization","name":"Invisible Orthodontics in Pozuelo de Alarc\u00f3n | Saborido &amp; Rodr\u00edguez","url":"https:\/\/ortodonciapozuelo.com\/","logo":{"@type":"ImageObject","inLanguage":"en-GB","@id":"https:\/\/ortodonciapozuelo.com\/#\/schema\/logo\/image\/","url":"https:\/\/ortodonciapozuelo.com\/wp-content\/uploads\/logo.png","contentUrl":"https:\/\/ortodonciapozuelo.com\/wp-content\/uploads\/logo.png","width":535,"height":70,"caption":"Ortodoncia invisible en Pozuelo de Alarc\u00f3n | Saborido & Rodr\u00edguez"},"image":{"@id":"https:\/\/ortodonciapozuelo.com\/#\/schema\/logo\/image\/"}}]}},"_links":{"self":[{"href":"https:\/\/ortodonciapozuelo.com\/en\/wp-json\/wp\/v2\/pages\/3862","targetHints":{"allow":["GET"]}}],"collection":[{"href":"https:\/\/ortodonciapozuelo.com\/en\/wp-json\/wp\/v2\/pages"}],"about":[{"href":"https:\/\/ortodonciapozuelo.com\/en\/wp-json\/wp\/v2\/types\/page"}],"author":[{"embeddable":true,"href":"https:\/\/ortodonciapozuelo.com\/en\/wp-json\/wp\/v2\/users\/1"}],"replies":[{"embeddable":true,"href":"https:\/\/ortodonciapozuelo.com\/en\/wp-json\/wp\/v2\/comments?post=3862"}],"version-history":[{"count":7,"href":"https:\/\/ortodonciapozuelo.com\/en\/wp-json\/wp\/v2\/pages\/3862\/revisions"}],"predecessor-version":[{"id":4094,"href":"https:\/\/ortodonciapozuelo.com\/en\/wp-json\/wp\/v2\/pages\/3862\/revisions\/4094"}],"wp:attachment":[{"href":"https:\/\/ortodonciapozuelo.com\/en\/wp-json\/wp\/v2\/media?parent=3862"}],"curies":[{"name":"wp","href":"https:\/\/api.w.org\/{rel}","templated":true}]}}