{"id":3805,"date":"2025-10-23T21:21:37","date_gmt":"2025-10-23T19:21:37","guid":{"rendered":"https:\/\/ortodonciapozuelo.com\/?page_id=3805"},"modified":"2025-10-27T19:25:00","modified_gmt":"2025-10-27T18:25:00","slug":"indicaciones-mih","status":"publish","type":"page","link":"https:\/\/ortodonciapozuelo.com\/en\/indicaciones-mih\/","title":{"rendered":"Indicaciones MIH"},"content":{"rendered":"<div data-elementor-type=\"wp-page\" data-elementor-id=\"3805\" class=\"elementor elementor-3805\">\n\t\t\t\t<div class=\"elementor-element elementor-element-b1e8f9f e-con-full center-to-right e-flex wpr-equal-height-no e-con e-parent\" data-id=\"b1e8f9f\" data-element_type=\"container\" data-e-type=\"container\" data-settings=\"{&quot;background_background&quot;:&quot;classic&quot;}\">\n\t\t<div class=\"elementor-element elementor-element-476b441 e-con-full e-flex wpr-equal-height-no e-con e-child\" data-id=\"476b441\" data-element_type=\"container\" data-e-type=\"container\">\n\t\t\t\t<div class=\"elementor-element elementor-element-4cb1c0c elementor-widget elementor-widget-heading\" data-id=\"4cb1c0c\" data-element_type=\"widget\" data-e-type=\"widget\" data-widget_type=\"heading.default\">\n\t\t\t\t\t<h1 class=\"elementor-heading-title elementor-size-default\">Indicaciones hipomineralizaci\u00f3n del esmalte<\/h1>\t\t\t\t<\/div>\n\t\t<div class=\"elementor-element elementor-element-fe230d2 e-con-full e-flex wpr-equal-height-no e-con e-child\" data-id=\"fe230d2\" data-element_type=\"container\" data-e-type=\"container\">\n\t\t\t\t<div class=\"elementor-element elementor-element-479f9b6 elementor-widget-mobile__width-inherit elementor-widget__width-initial wpr-button-icon-style-inline wpr-button-icon-position-right elementor-widget elementor-widget-wpr-button\" data-id=\"479f9b6\" data-element_type=\"widget\" data-e-type=\"widget\" data-widget_type=\"wpr-button.default\">\n\t\t\t\t\t\t\n\t\t\t\n\t\t\n\t\t<div class=\"wpr-button-wrap elementor-clearfix\">\n\t\t<a class=\"wpr-button wpr-button-effect wpr-button-isi-left\" data-text=\"\" href=\"https:\/\/ortodonciapozuelo.com\/wp-content\/uploads\/INDICACIONES-MIH-2.pdf\">\n\t\t\t\n\t\t\t<span class=\"wpr-button-content\">\n\t\t\t\t\t\t\t\t\t<span class=\"wpr-button-text\">DESCARGAR<\/span>\n\t\t\t\t\t\t\t\t\n\t\t\t\t\t\t\t\t\t<span class=\"wpr-button-icon\"><svg xmlns=\"http:\/\/www.w3.org\/2000\/svg\" id=\"Layer_1\" height=\"512\" viewbox=\"0 0 20 20\" width=\"512\"><path d=\"m12 2-1.4 1.4 5.6 5.6h-16.2v2h16.2l-5.6 5.6 1.4 1.4 8-8z\"><\/path><\/svg><\/span>\n\t\t\t\t\t\t\t<\/span>\n\t\t<\/a>\n\n\t\t\t\t<\/div>\n\t\n\t\n\t\t\t\t\t<\/div>\n\t\t\t\t<\/div>\n\t\t\t\t<\/div>\n\t\t<div class=\"elementor-element elementor-element-d611d4d e-con-full e-flex wpr-equal-height-no e-con e-child\" data-id=\"d611d4d\" data-element_type=\"container\" data-e-type=\"container\" data-settings=\"{&quot;background_background&quot;:&quot;classic&quot;}\">\n\t\t\t\t<div class=\"elementor-element elementor-element-1c0b0c1 elementor-widget elementor-widget-spacer\" data-id=\"1c0b0c1\" data-element_type=\"widget\" data-e-type=\"widget\" data-widget_type=\"spacer.default\">\n\t\t\t\t\t\t\t<div class=\"elementor-spacer\">\n\t\t\t<div class=\"elementor-spacer-inner\"><\/div>\n\t\t<\/div>\n\t\t\t\t\t\t<\/div>\n\t\t\t\t<\/div>\n\t\t\t\t<\/div>\n\t\t<div class=\"elementor-element elementor-element-0d086c9 e-flex e-con-boxed wpr-equal-height-no e-con e-parent\" data-id=\"0d086c9\" data-element_type=\"container\" data-e-type=\"container\">\n\t\t\t\t\t<div class=\"e-con-inner\">\n\t\t<div class=\"elementor-element elementor-element-dd2e71c e-con-full e-flex wpr-equal-height-no e-con e-child\" data-id=\"dd2e71c\" data-element_type=\"container\" data-e-type=\"container\">\n\t\t\t\t<div class=\"elementor-element elementor-element-16c8179 elementor-widget elementor-widget-image\" data-id=\"16c8179\" data-element_type=\"widget\" data-e-type=\"widget\" data-widget_type=\"image.default\">\n\t\t\t\t\t\t\t\t\t\t\t\t\t\t\t<img fetchpriority=\"high\" decoding=\"async\" width=\"800\" height=\"800\" src=\"https:\/\/ortodonciapozuelo.com\/wp-content\/uploads\/acontraluz-69.jpg\" class=\"attachment-large size-large wp-image-3111\" alt=\"\" srcset=\"https:\/\/ortodonciapozuelo.com\/wp-content\/uploads\/acontraluz-69.jpg 1024w, https:\/\/ortodonciapozuelo.com\/wp-content\/uploads\/acontraluz-69-300x300.jpg 300w, https:\/\/ortodonciapozuelo.com\/wp-content\/uploads\/acontraluz-69-150x150.jpg 150w, https:\/\/ortodonciapozuelo.com\/wp-content\/uploads\/acontraluz-69-768x768.jpg 768w, https:\/\/ortodonciapozuelo.com\/wp-content\/uploads\/acontraluz-69-12x12.jpg 12w\" sizes=\"(max-width: 800px) 100vw, 800px\" \/>\t\t\t\t\t\t\t\t\t\t\t\t\t\t\t<\/div>\n\t\t\t\t<\/div>\n\t\t<div class=\"elementor-element elementor-element-6922b69 e-con-full e-flex wpr-equal-height-no e-con e-child\" data-id=\"6922b69\" data-element_type=\"container\" data-e-type=\"container\" data-settings=\"{&quot;background_background&quot;:&quot;classic&quot;}\">\n\t\t\t\t<div class=\"elementor-element elementor-element-ca01f30 elementor-widget__width-initial elementor-widget elementor-widget-heading\" data-id=\"ca01f30\" data-element_type=\"widget\" data-e-type=\"widget\" data-widget_type=\"heading.default\">\n\t\t\t\t\t<div class=\"elementor-heading-title elementor-size-default\">Este producto remineraliza y reduce el riesgo de caries.<\/div>\t\t\t\t<\/div>\n\t\t\t\t<div class=\"elementor-element elementor-element-c43dbe6 elementor-widget elementor-widget-heading\" data-id=\"c43dbe6\" data-element_type=\"widget\" data-e-type=\"widget\" data-widget_type=\"heading.default\">\n\t\t\t\t\t<h2 class=\"elementor-heading-title elementor-size-default\">Indicaciones<\/h2>\t\t\t\t<\/div>\n\t\t\t\t<div class=\"elementor-element elementor-element-8a80f3a elementor-widget elementor-widget-text-editor\" data-id=\"8a80f3a\" data-element_type=\"widget\" data-e-type=\"widget\" data-widget_type=\"text-editor.default\">\n\t\t\t\t\t\t\t\t\t<ul><li>No tomar leches ni l\u00e1cteos ni c\u00edtricos en 24h.<\/li><li>No cepillar los dientes en 24h.<\/li><li><strong>Revisiones y aplicaci\u00f3n cada 6 meses <\/strong><\/li><\/ul>\t\t\t\t\t\t\t\t<\/div>\n\t\t\t\t<div class=\"elementor-element elementor-element-b5af45f elementor-widget elementor-widget-heading\" data-id=\"b5af45f\" data-element_type=\"widget\" data-e-type=\"widget\" data-widget_type=\"heading.default\">\n\t\t\t\t\t<h2 class=\"elementor-heading-title elementor-size-default\">En casa<\/h2>\t\t\t\t<\/div>\n\t\t\t\t<div class=\"elementor-element elementor-element-f876765 elementor-widget elementor-widget-text-editor\" data-id=\"f876765\" data-element_type=\"widget\" data-e-type=\"widget\" data-widget_type=\"text-editor.default\">\n\t\t\t\t\t\t\t\t\t<ul><li>Dent\u00edfrico para el cepillado dental:<ul><li>Apa care primero la azul y una vez terminada continuar con la verde. (Venta en Amazon)<\/li><\/ul><\/li><li>Por la noche:<ul><li>Aplicaci\u00f3n de GC Mi PASTE PLUS o GC TOOTH MOUSE siempre bajo supervisi\u00f3n de los padres o tutor. (Venta en Amazon)<\/li><\/ul><\/li><\/ul>\t\t\t\t\t\t\t\t<\/div>\n\t\t\t\t<\/div>\n\t\t\t\t\t<\/div>\n\t\t\t\t<\/div>\n\t\t\t\t<\/div>","protected":false},"excerpt":{"rendered":"<p>Indicaciones hipomineralizaci\u00f3n del esmalte DESCARGAR Este producto remineraliza y reduce el riesgo de caries. Indicaciones No tomar leches ni l\u00e1cteos ni c\u00edtricos en 24h. No cepillar los dientes en 24h. Revisiones y aplicaci\u00f3n cada 6 meses En casa Dent\u00edfrico para el cepillado dental: Apa care primero la azul y una vez terminada continuar con la verde. (Venta en Amazon) Por la noche: Aplicaci\u00f3n de GC Mi PASTE PLUS o GC TOOTH MOUSE siempre bajo supervisi\u00f3n de los padres o tutor. (Venta en Amazon)<\/p>","protected":false},"author":1,"featured_media":0,"parent":0,"menu_order":1,"comment_status":"closed","ping_status":"closed","template":"","meta":{"_acf_changed":false,"_joinchat":[],"footnotes":""},"class_list":["post-3805","page","type-page","status-publish","hentry"],"acf":[],"yoast_head":"<!-- This site is optimized with the Yoast SEO plugin v27.5 - https:\/\/yoast.com\/product\/yoast-seo-wordpress\/ -->\n<title>Indicaciones MIH - Ortodoncia invisible en Pozuelo de Alarc\u00f3n | Saborido &amp; Rodr\u00edguez<\/title>\n<meta name=\"robots\" content=\"index, follow, max-snippet:-1, max-image-preview:large, max-video-preview:-1\" \/>\n<link rel=\"canonical\" href=\"https:\/\/ortodonciapozuelo.com\/en\/indicaciones-mih\/\" \/>\n<meta property=\"og:locale\" content=\"en_GB\" \/>\n<meta property=\"og:type\" content=\"article\" \/>\n<meta property=\"og:title\" content=\"Indicaciones MIH - Ortodoncia invisible en Pozuelo de Alarc\u00f3n | Saborido &amp; Rodr\u00edguez\" \/>\n<meta property=\"og:description\" content=\"Indicaciones hipomineralizaci\u00f3n del esmalte DESCARGAR Este producto remineraliza y reduce el riesgo de caries. Indicaciones No tomar leches ni l\u00e1cteos ni c\u00edtricos en 24h. No cepillar los dientes en 24h. Revisiones y aplicaci\u00f3n cada 6 meses En casa Dent\u00edfrico para el cepillado dental: Apa care primero la azul y una vez terminada continuar con la verde. (Venta en Amazon) Por la noche: Aplicaci\u00f3n de GC Mi PASTE PLUS o GC TOOTH MOUSE siempre bajo supervisi\u00f3n de los padres o tutor. (Venta en Amazon)\" \/>\n<meta property=\"og:url\" content=\"https:\/\/ortodonciapozuelo.com\/en\/indicaciones-mih\/\" \/>\n<meta property=\"og:site_name\" content=\"Ortodoncia invisible en Pozuelo de Alarc\u00f3n | Saborido &amp; Rodr\u00edguez\" \/>\n<meta property=\"article:modified_time\" content=\"2025-10-27T18:25:00+00:00\" \/>\n<meta property=\"og:image\" content=\"https:\/\/ortodonciapozuelo.com\/wp-content\/uploads\/acontraluz-69.jpg\" \/>\n\t<meta property=\"og:image:width\" content=\"1024\" \/>\n\t<meta property=\"og:image:height\" content=\"1024\" \/>\n\t<meta property=\"og:image:type\" content=\"image\/jpeg\" \/>\n<meta name=\"twitter:card\" content=\"summary_large_image\" \/>\n<meta name=\"twitter:label1\" content=\"Estimated reading time\" \/>\n\t<meta name=\"twitter:data1\" content=\"1 minute\" \/>\n<script type=\"application\/ld+json\" class=\"yoast-schema-graph\">{\"@context\":\"https:\\\/\\\/schema.org\",\"@graph\":[{\"@type\":\"WebPage\",\"@id\":\"https:\\\/\\\/ortodonciapozuelo.com\\\/indicaciones-mih\\\/\",\"url\":\"https:\\\/\\\/ortodonciapozuelo.com\\\/indicaciones-mih\\\/\",\"name\":\"Indicaciones MIH - Ortodoncia invisible en Pozuelo de Alarc\u00f3n | Saborido &amp; Rodr\u00edguez\",\"isPartOf\":{\"@id\":\"https:\\\/\\\/ortodonciapozuelo.com\\\/#website\"},\"primaryImageOfPage\":{\"@id\":\"https:\\\/\\\/ortodonciapozuelo.com\\\/indicaciones-mih\\\/#primaryimage\"},\"image\":{\"@id\":\"https:\\\/\\\/ortodonciapozuelo.com\\\/indicaciones-mih\\\/#primaryimage\"},\"thumbnailUrl\":\"https:\\\/\\\/ortodonciapozuelo.com\\\/wp-content\\\/uploads\\\/acontraluz-69.jpg\",\"datePublished\":\"2025-10-23T19:21:37+00:00\",\"dateModified\":\"2025-10-27T18:25:00+00:00\",\"breadcrumb\":{\"@id\":\"https:\\\/\\\/ortodonciapozuelo.com\\\/indicaciones-mih\\\/#breadcrumb\"},\"inLanguage\":\"en-GB\",\"potentialAction\":[{\"@type\":\"ReadAction\",\"target\":[\"https:\\\/\\\/ortodonciapozuelo.com\\\/indicaciones-mih\\\/\"]}]},{\"@type\":\"ImageObject\",\"inLanguage\":\"en-GB\",\"@id\":\"https:\\\/\\\/ortodonciapozuelo.com\\\/indicaciones-mih\\\/#primaryimage\",\"url\":\"https:\\\/\\\/ortodonciapozuelo.com\\\/wp-content\\\/uploads\\\/acontraluz-69.jpg\",\"contentUrl\":\"https:\\\/\\\/ortodonciapozuelo.com\\\/wp-content\\\/uploads\\\/acontraluz-69.jpg\"},{\"@type\":\"BreadcrumbList\",\"@id\":\"https:\\\/\\\/ortodonciapozuelo.com\\\/indicaciones-mih\\\/#breadcrumb\",\"itemListElement\":[{\"@type\":\"ListItem\",\"position\":1,\"name\":\"Portada\",\"item\":\"https:\\\/\\\/ortodonciapozuelo.com\\\/\"},{\"@type\":\"ListItem\",\"position\":2,\"name\":\"Indicaciones MIH\"}]},{\"@type\":\"WebSite\",\"@id\":\"https:\\\/\\\/ortodonciapozuelo.com\\\/#website\",\"url\":\"https:\\\/\\\/ortodonciapozuelo.com\\\/\",\"name\":\"Ortodoncia invisible en Pozuelo de Alarc\u00f3n | Saborido & Rodr\u00edguez\",\"description\":\"\",\"publisher\":{\"@id\":\"https:\\\/\\\/ortodonciapozuelo.com\\\/#organization\"},\"potentialAction\":[{\"@type\":\"SearchAction\",\"target\":{\"@type\":\"EntryPoint\",\"urlTemplate\":\"https:\\\/\\\/ortodonciapozuelo.com\\\/?s={search_term_string}\"},\"query-input\":{\"@type\":\"PropertyValueSpecification\",\"valueRequired\":true,\"valueName\":\"search_term_string\"}}],\"inLanguage\":\"en-GB\"},{\"@type\":\"Organization\",\"@id\":\"https:\\\/\\\/ortodonciapozuelo.com\\\/#organization\",\"name\":\"Ortodoncia invisible en Pozuelo de Alarc\u00f3n | Saborido & Rodr\u00edguez\",\"url\":\"https:\\\/\\\/ortodonciapozuelo.com\\\/\",\"logo\":{\"@type\":\"ImageObject\",\"inLanguage\":\"en-GB\",\"@id\":\"https:\\\/\\\/ortodonciapozuelo.com\\\/#\\\/schema\\\/logo\\\/image\\\/\",\"url\":\"https:\\\/\\\/ortodonciapozuelo.com\\\/wp-content\\\/uploads\\\/logo.png\",\"contentUrl\":\"https:\\\/\\\/ortodonciapozuelo.com\\\/wp-content\\\/uploads\\\/logo.png\",\"width\":535,\"height\":70,\"caption\":\"Ortodoncia invisible en Pozuelo de Alarc\u00f3n | Saborido & Rodr\u00edguez\"},\"image\":{\"@id\":\"https:\\\/\\\/ortodonciapozuelo.com\\\/#\\\/schema\\\/logo\\\/image\\\/\"}}]}<\/script>\n<!-- \/ Yoast SEO plugin. -->","yoast_head_json":{"title":"Indicaciones MIH - Ortodoncia invisible en Pozuelo de Alarc\u00f3n | Saborido &amp; Rodr\u00edguez","robots":{"index":"index","follow":"follow","max-snippet":"max-snippet:-1","max-image-preview":"max-image-preview:large","max-video-preview":"max-video-preview:-1"},"canonical":"https:\/\/ortodonciapozuelo.com\/en\/indicaciones-mih\/","og_locale":"en_GB","og_type":"article","og_title":"Indicaciones MIH - Ortodoncia invisible en Pozuelo de Alarc\u00f3n | Saborido &amp; Rodr\u00edguez","og_description":"Indicaciones hipomineralizaci\u00f3n del esmalte DESCARGAR Este producto remineraliza y reduce el riesgo de caries. Indicaciones No tomar leches ni l\u00e1cteos ni c\u00edtricos en 24h. No cepillar los dientes en 24h. Revisiones y aplicaci\u00f3n cada 6 meses En casa Dent\u00edfrico para el cepillado dental: Apa care primero la azul y una vez terminada continuar con la verde. (Venta en Amazon) Por la noche: Aplicaci\u00f3n de GC Mi PASTE PLUS o GC TOOTH MOUSE siempre bajo supervisi\u00f3n de los padres o tutor. (Venta en Amazon)","og_url":"https:\/\/ortodonciapozuelo.com\/en\/indicaciones-mih\/","og_site_name":"Ortodoncia invisible en Pozuelo de Alarc\u00f3n | Saborido &amp; Rodr\u00edguez","article_modified_time":"2025-10-27T18:25:00+00:00","og_image":[{"width":1024,"height":1024,"url":"https:\/\/ortodonciapozuelo.com\/wp-content\/uploads\/acontraluz-69.jpg","type":"image\/jpeg"}],"twitter_card":"summary_large_image","twitter_misc":{"Estimated reading time":"1 minute"},"schema":{"@context":"https:\/\/schema.org","@graph":[{"@type":"WebPage","@id":"https:\/\/ortodonciapozuelo.com\/indicaciones-mih\/","url":"https:\/\/ortodonciapozuelo.com\/indicaciones-mih\/","name":"Indicaciones MIH - Ortodoncia invisible en Pozuelo de Alarc\u00f3n | Saborido &amp; Rodr\u00edguez","isPartOf":{"@id":"https:\/\/ortodonciapozuelo.com\/#website"},"primaryImageOfPage":{"@id":"https:\/\/ortodonciapozuelo.com\/indicaciones-mih\/#primaryimage"},"image":{"@id":"https:\/\/ortodonciapozuelo.com\/indicaciones-mih\/#primaryimage"},"thumbnailUrl":"https:\/\/ortodonciapozuelo.com\/wp-content\/uploads\/acontraluz-69.jpg","datePublished":"2025-10-23T19:21:37+00:00","dateModified":"2025-10-27T18:25:00+00:00","breadcrumb":{"@id":"https:\/\/ortodonciapozuelo.com\/indicaciones-mih\/#breadcrumb"},"inLanguage":"en-GB","potentialAction":[{"@type":"ReadAction","target":["https:\/\/ortodonciapozuelo.com\/indicaciones-mih\/"]}]},{"@type":"ImageObject","inLanguage":"en-GB","@id":"https:\/\/ortodonciapozuelo.com\/indicaciones-mih\/#primaryimage","url":"https:\/\/ortodonciapozuelo.com\/wp-content\/uploads\/acontraluz-69.jpg","contentUrl":"https:\/\/ortodonciapozuelo.com\/wp-content\/uploads\/acontraluz-69.jpg"},{"@type":"BreadcrumbList","@id":"https:\/\/ortodonciapozuelo.com\/indicaciones-mih\/#breadcrumb","itemListElement":[{"@type":"ListItem","position":1,"name":"Portada","item":"https:\/\/ortodonciapozuelo.com\/"},{"@type":"ListItem","position":2,"name":"Indicaciones MIH"}]},{"@type":"WebSite","@id":"https:\/\/ortodonciapozuelo.com\/#website","url":"https:\/\/ortodonciapozuelo.com\/","name":"Invisible Orthodontics in Pozuelo de Alarc\u00f3n | Saborido &amp; Rodr\u00edguez","description":"","publisher":{"@id":"https:\/\/ortodonciapozuelo.com\/#organization"},"potentialAction":[{"@type":"SearchAction","target":{"@type":"EntryPoint","urlTemplate":"https:\/\/ortodonciapozuelo.com\/?s={search_term_string}"},"query-input":{"@type":"PropertyValueSpecification","valueRequired":true,"valueName":"search_term_string"}}],"inLanguage":"en-GB"},{"@type":"Organization","@id":"https:\/\/ortodonciapozuelo.com\/#organization","name":"Invisible Orthodontics in Pozuelo de Alarc\u00f3n | Saborido &amp; Rodr\u00edguez","url":"https:\/\/ortodonciapozuelo.com\/","logo":{"@type":"ImageObject","inLanguage":"en-GB","@id":"https:\/\/ortodonciapozuelo.com\/#\/schema\/logo\/image\/","url":"https:\/\/ortodonciapozuelo.com\/wp-content\/uploads\/logo.png","contentUrl":"https:\/\/ortodonciapozuelo.com\/wp-content\/uploads\/logo.png","width":535,"height":70,"caption":"Ortodoncia invisible en Pozuelo de Alarc\u00f3n | Saborido & Rodr\u00edguez"},"image":{"@id":"https:\/\/ortodonciapozuelo.com\/#\/schema\/logo\/image\/"}}]}},"_links":{"self":[{"href":"https:\/\/ortodonciapozuelo.com\/en\/wp-json\/wp\/v2\/pages\/3805","targetHints":{"allow":["GET"]}}],"collection":[{"href":"https:\/\/ortodonciapozuelo.com\/en\/wp-json\/wp\/v2\/pages"}],"about":[{"href":"https:\/\/ortodonciapozuelo.com\/en\/wp-json\/wp\/v2\/types\/page"}],"author":[{"embeddable":true,"href":"https:\/\/ortodonciapozuelo.com\/en\/wp-json\/wp\/v2\/users\/1"}],"replies":[{"embeddable":true,"href":"https:\/\/ortodonciapozuelo.com\/en\/wp-json\/wp\/v2\/comments?post=3805"}],"version-history":[{"count":10,"href":"https:\/\/ortodonciapozuelo.com\/en\/wp-json\/wp\/v2\/pages\/3805\/revisions"}],"predecessor-version":[{"id":4045,"href":"https:\/\/ortodonciapozuelo.com\/en\/wp-json\/wp\/v2\/pages\/3805\/revisions\/4045"}],"wp:attachment":[{"href":"https:\/\/ortodonciapozuelo.com\/en\/wp-json\/wp\/v2\/media?parent=3805"}],"curies":[{"name":"wp","href":"https:\/\/api.w.org\/{rel}","templated":true}]}}